{"id":211,"date":"2012-09-06T09:14:39","date_gmt":"2012-09-06T07:14:39","guid":{"rendered":"http:\/\/www.loft393.info\/?page_id=211"},"modified":"2014-11-01T12:03:22","modified_gmt":"2014-11-01T10:03:22","slug":"hallo-neue-bewohner","status":"publish","type":"page","link":"https:\/\/www.loft393.info\/","title":{"rendered":"Hallo neue Bewohner"},"content":{"rendered":"<p>Wohnen im Loft<\/p>\n<p>7 barrierefreie Wohnungen in unmittelbarer Stadtplatzn\u00e4he<br \/>\nWohnfl\u00e4che ca. 50m2 + ca. 20m2 Terrasse, teilweise \u00fcberdacht<br \/>\nKellerabteil (ca.4,5m2), Parkplatz, Gemeinschaftsgarten<\/p>\n<p>Altbau<br \/>\nGesch\u00e4ftslokal im Erdgescho\u00df ca. 135m2 + Gew\u00f6lbekeller ca.37m2, Parkpl\u00e4tze, Zugang zum \u00f6ffentl. Parkplatz<br \/>\nWohnung im ersten Obergescho\u00df ca.90m2 +38m2 Terrasse mit Blick auf den Traunstein<\/p>\n<p>Kellerabteil (ca.4,5m2), Parkplatz, Gemeinschaftsgarten<\/p>\n","protected":false},"excerpt":{"rendered":"<p>Wohnen im Loft 7 barrierefreie Wohnungen in unmittelbarer Stadtplatzn\u00e4he Wohnfl\u00e4che ca. 50m2 + ca. 20m2 Terrasse, teilweise \u00fcberdacht Kellerabteil (ca.4,5m2), Parkplatz, Gemeinschaftsgarten Altbau Gesch\u00e4ftslokal im Erdgescho\u00df ca. 135m2 + Gew\u00f6lbekeller ca.37m2, Parkpl\u00e4tze, Zugang zum \u00f6ffentl. Parkplatz Wohnung im ersten Obergescho\u00df &hellip; <a href=\"https:\/\/www.loft393.info\/\">Lesen fortsetzen <span class=\"meta-nav\">&rarr;<\/span><\/a><\/p>\n","protected":false},"author":1,"featured_media":0,"parent":0,"menu_order":0,"comment_status":"closed","ping_status":"closed","template":"","meta":{"footnotes":""},"class_list":["post-211","page","type-page","status-publish","hentry"],"_links":{"self":[{"href":"https:\/\/www.loft393.info\/index.php?rest_route=\/wp\/v2\/pages\/211","targetHints":{"allow":["GET"]}}],"collection":[{"href":"https:\/\/www.loft393.info\/index.php?rest_route=\/wp\/v2\/pages"}],"about":[{"href":"https:\/\/www.loft393.info\/index.php?rest_route=\/wp\/v2\/types\/page"}],"author":[{"embeddable":true,"href":"https:\/\/www.loft393.info\/index.php?rest_route=\/wp\/v2\/users\/1"}],"replies":[{"embeddable":true,"href":"https:\/\/www.loft393.info\/index.php?rest_route=%2Fwp%2Fv2%2Fcomments&post=211"}],"version-history":[{"count":17,"href":"https:\/\/www.loft393.info\/index.php?rest_route=\/wp\/v2\/pages\/211\/revisions"}],"predecessor-version":[{"id":241,"href":"https:\/\/www.loft393.info\/index.php?rest_route=\/wp\/v2\/pages\/211\/revisions\/241"}],"wp:attachment":[{"href":"https:\/\/www.loft393.info\/index.php?rest_route=%2Fwp%2Fv2%2Fmedia&parent=211"}],"curies":[{"name":"wp","href":"https:\/\/api.w.org\/{rel}","templated":true}]}}